{"id":1073,"date":"2026-04-06T12:02:42","date_gmt":"2026-04-06T15:02:42","guid":{"rendered":"https:\/\/segmaster.net.br\/?page_id=1073"},"modified":"2026-04-06T12:03:10","modified_gmt":"2026-04-06T15:03:10","slug":"sobre-nos","status":"publish","type":"page","link":"http:\/\/segmaster.net.br\/index.php\/sobre-nos\/","title":{"rendered":"Sobre n\u00f3s"},"content":{"rendered":"\n<div class=\"wp-block-group is-layout-constrained wp-block-group-is-layout-constrained\">\n<div class=\"wp-block-columns is-layout-flex wp-container-core-columns-is-layout-28f84493 wp-block-columns-is-layout-flex\">\n<div class=\"wp-block-column is-layout-flow wp-block-column-is-layout-flow\">\n<h2 class=\"wp-block-heading\">Sobre n\u00f3s<\/h2>\n\n\n\n<p>Fundada em setembro de 2015, em Arapongas\/PR, a SEG MASTER consolidou-se como refer\u00eancia na distribui\u00e7\u00e3o de solu\u00e7\u00f5es em Seguran\u00e7a Eletr\u00f4nica, Automa\u00e7\u00e3o e Prote\u00e7\u00e3o Perimetral. Ao longo de mais de uma d\u00e9cada de atua\u00e7\u00e3o, constru\u00edmos uma trajet\u00f3ria s\u00f3lida baseada em excel\u00eancia no atendimento, relacionamento pr\u00f3ximo com parceiros e um suporte p\u00f3s-venda realmente diferenciado.<\/p>\n\n\n\n<p>Em 2025, ampliamos nossa presen\u00e7a com a inaugura\u00e7\u00e3o da filial em Apucarana, fortalecendo nossa miss\u00e3o de conectar revendedores aos melhores fabricantes do mercado com agilidade, confian\u00e7a e competitividade.<\/p>\n\n\n\n<p>A Inove Brasil, integrante do nosso ecossistema, atua h\u00e1 mais de 10 anos no mercado, atendendo os maiores distribuidores de equipamentos de seguran\u00e7a do Brasil e do Mercosul. Contamos atualmente com um portf\u00f3lio de mais de 80 itens, incluindo produtos exclusivos e a possibilidade de desenvolvimento personalizado conforme a necessidade do seu projeto.<\/p>\n\n\n\n<p>Trabalhamos para oferecer solu\u00e7\u00f5es completas, inovadoras e alinhadas \u00e0s demandas de um mercado em constante evolu\u00e7\u00e3o.<\/p>\n<\/div>\n\n\n\n<div class=\"wp-block-column is-layout-flow wp-block-column-is-layout-flow\"><\/div>\n<\/div>\n<\/div>\n\n\n\n<div class=\"wp-block-group alignfull has-background-color has-white-color has-text-color has-background has-link-color wp-elements-6f9940cad78c39e066d39fdb274061a7 is-vertical is-content-justification-stretch is-layout-flex wp-container-core-group-is-layout-48a3dbfb wp-block-group-is-layout-flex\" style=\"background-color:#1f2a50;min-height:40vh;margin-top:0;margin-bottom:0;padding-top:var(--wp--preset--spacing--60);padding-right:var(--wp--preset--spacing--40);padding-bottom:var(--wp--preset--spacing--60);padding-left:var(--wp--preset--spacing--40)\">\n<div class=\"wp-block-columns alignwide has-small-font-size is-layout-flex wp-container-core-columns-is-layout-28f84493 wp-block-columns-is-layout-flex\">\n<div class=\"wp-block-column is-layout-flow wp-block-column-is-layout-flow\">\n<p class=\"has-text-align-center\"><strong><em>Localiza\u00e7\u00e3o<\/em><\/strong><\/p>\n\n\n\n<p class=\"has-text-align-center\"><a href=\"https:\/\/www.google.com\/maps\/place\/R.+Condor,+486+-+Vila+Cascata,+Arapongas+-+PR,+86701-472\/@-23.4056629,-51.430012,17z\/data=!3m1!4b1!4m6!3m5!1s0x94eca15f4cae7d65:0x72513cf9fd7e4ec3!8m2!3d-23.4056629!4d-51.430012!16s%2Fg%2F11cpc2z6qf?entry=ttu&amp;g_ep=EgoyMDI2MDQwMS4wIKXMDSoASAFQAw%3D%3D\">Rua Condor, 486 &#8211; Arapongas &#8211; PR<\/a><\/p>\n\n\n\n<p class=\"has-text-align-center\"><a href=\"http:\/\/google.com\/maps\/place\/R.+S\u00e3o+Paulo,+783+-+Vila+Feliz,+Apucarana+-+PR,+86808-050\/data=!4m2!3m1!1s0x94ec995e462d2d0d:0x2d226dde01241724?sa=X&amp;ved=1t:242&amp;ictx=111\">Rua S\u00e3o Paulo, 783 &#8211; Apucarana PR<\/a><\/p>\n\n\n\n<div style=\"height:24px\" aria-hidden=\"true\" class=\"wp-block-spacer\"><\/div>\n<\/div>\n\n\n\n<div class=\"wp-block-column is-layout-flow wp-block-column-is-layout-flow\">\n<p class=\"has-text-align-center\"><strong><em>P\u00e1ginas<\/em><\/strong><\/p>\n\n\n<nav class=\"has-small-font-size items-justified-center is-vertical no-wrap wp-block-navigation is-content-justification-center is-nowrap is-layout-flex wp-container-core-navigation-is-layout-34a3ecb2 wp-block-navigation-is-layout-flex\" aria-label=\"Navega\u00e7\u00e3o\"><ul class=\"wp-block-navigation__container has-small-font-size items-justified-center is-vertical no-wrap wp-block-navigation has-small-font-size\"><ul class=\"has-small-font-size wp-block-page-list\"><li class=\"wp-block-pages-list__item wp-block-navigation-item open-on-hover-click\"><a class=\"wp-block-pages-list__item__link wp-block-navigation-item__content\" href=\"http:\/\/segmaster.net.br\/index.php\/orcamentos\/\">Or\u00e7amentos<\/a><\/li><li class=\"wp-block-pages-list__item wp-block-navigation-item open-on-hover-click menu-item-home\"><a class=\"wp-block-pages-list__item__link wp-block-navigation-item__content\" href=\"http:\/\/segmaster.net.br\/\">P\u00e1gina Inicial<\/a><\/li><li class=\"wp-block-pages-list__item wp-block-navigation-item open-on-hover-click\"><a class=\"wp-block-pages-list__item__link wp-block-navigation-item__content\" href=\"http:\/\/segmaster.net.br\/index.php\/produtos\/\">Produtos<\/a><\/li><li class=\"wp-block-pages-list__item wp-block-navigation-item open-on-hover-click\"><a class=\"wp-block-pages-list__item__link wp-block-navigation-item__content\" href=\"http:\/\/segmaster.net.br\/index.php\/sobre-nos\/\">Sobre n\u00f3s<\/a><\/li><\/ul><\/ul><\/nav>\n\n\n<div style=\"height:24px\" aria-hidden=\"true\" class=\"wp-block-spacer\"><\/div>\n<\/div>\n\n\n\n<div class=\"wp-block-column is-layout-flow wp-block-column-is-layout-flow\">\n<p class=\"has-text-align-center\">Siga-nos<\/p>\n\n\n\n<p class=\"has-text-align-center\"><a href=\"https:\/\/www.instagram.com\/segmasterapucarana\/\">@segmasterapucarana<\/a><\/p>\n\n\n\n<div style=\"height:24px\" aria-hidden=\"true\" class=\"wp-block-spacer\"><\/div>\n<\/div>\n<\/div>\n<\/div>\n","protected":false},"excerpt":{"rendered":"<p>Sobre n\u00f3s Fundada em setembro de 2015, em Arapongas\/PR, a SEG MASTER consolidou-se como refer\u00eancia na distribui\u00e7\u00e3o de solu\u00e7\u00f5es em [&hellip;]<\/p>\n","protected":false},"author":1,"featured_media":0,"parent":0,"menu_order":0,"comment_status":"closed","ping_status":"closed","template":"","meta":{"site-sidebar-layout":"default","site-content-layout":"","ast-site-content-layout":"default","site-content-style":"default","site-sidebar-style":"default","ast-global-header-display":"","ast-banner-title-visibility":"","ast-main-header-display":"","ast-hfb-above-header-display":"","ast-hfb-below-header-display":"","ast-hfb-mobile-header-display":"","site-post-title":"disabled","ast-breadcrumbs-content":"","ast-featured-img":"","footer-sml-layout":"","ast-disable-related-posts":"","theme-transparent-header-meta":"","adv-header-id-meta":"","stick-header-meta":"","header-above-stick-meta":"","header-main-stick-meta":"","header-below-stick-meta":"","astra-migrate-meta-layouts":"default","ast-page-background-enabled":"default","ast-page-background-meta":{"desktop":{"background-color":"var(--ast-global-color-5)","background-image":"","background-repeat":"repeat","background-position":"center center","background-size":"auto","background-attachment":"scroll","background-type":"","background-media":"","overlay-type":"","overlay-color":"","overlay-opacity":"","overlay-gradient":""},"tablet":{"background-color":"","background-image":"","background-repeat":"repeat","background-position":"center center","background-size":"auto","background-attachment":"scroll","background-type":"","background-media":"","overlay-type":"","overlay-color":"","overlay-opacity":"","overlay-gradient":""},"mobile":{"background-color":"","background-image":"","background-repeat":"repeat","background-position":"center center","background-size":"auto","background-attachment":"scroll","background-type":"","background-media":"","overlay-type":"","overlay-color":"","overlay-opacity":"","overlay-gradient":""}},"ast-content-background-meta":{"desktop":{"background-color":"var(--ast-global-color-4)","background-image":"","background-repeat":"repeat","background-position":"center center","background-size":"auto","background-attachment":"scroll","background-type":"","background-media":"","overlay-type":"","overlay-color":"","overlay-opacity":"","overlay-gradient":""},"tablet":{"background-color":"var(--ast-global-color-4)","background-image":"","background-repeat":"repeat","background-position":"center center","background-size":"auto","background-attachment":"scroll","background-type":"","background-media":"","overlay-type":"","overlay-color":"","overlay-opacity":"","overlay-gradient":""},"mobile":{"background-color":"var(--ast-global-color-4)","background-image":"","background-repeat":"repeat","background-position":"center center","background-size":"auto","background-attachment":"scroll","background-type":"","background-media":"","overlay-type":"","overlay-color":"","overlay-opacity":"","overlay-gradient":""}},"footnotes":""},"class_list":["post-1073","page","type-page","status-publish","hentry"],"_links":{"self":[{"href":"http:\/\/segmaster.net.br\/index.php\/wp-json\/wp\/v2\/pages\/1073","targetHints":{"allow":["GET"]}}],"collection":[{"href":"http:\/\/segmaster.net.br\/index.php\/wp-json\/wp\/v2\/pages"}],"about":[{"href":"http:\/\/segmaster.net.br\/index.php\/wp-json\/wp\/v2\/types\/page"}],"author":[{"embeddable":true,"href":"http:\/\/segmaster.net.br\/index.php\/wp-json\/wp\/v2\/users\/1"}],"replies":[{"embeddable":true,"href":"http:\/\/segmaster.net.br\/index.php\/wp-json\/wp\/v2\/comments?post=1073"}],"version-history":[{"count":2,"href":"http:\/\/segmaster.net.br\/index.php\/wp-json\/wp\/v2\/pages\/1073\/revisions"}],"predecessor-version":[{"id":1075,"href":"http:\/\/segmaster.net.br\/index.php\/wp-json\/wp\/v2\/pages\/1073\/revisions\/1075"}],"wp:attachment":[{"href":"http:\/\/segmaster.net.br\/index.php\/wp-json\/wp\/v2\/media?parent=1073"}],"curies":[{"name":"wp","href":"https:\/\/api.w.org\/{rel}","templated":true}]}}